{"id":8416,"date":"2017-12-05T15:15:42","date_gmt":"2017-12-05T15:15:42","guid":{"rendered":"https:\/\/www.hotelistankoy.com.tr\/en\/havaalani-sehir-transfer-hizmetleri-rezervasyonu\/"},"modified":"2024-09-05T14:42:14","modified_gmt":"2024-09-05T11:42:14","slug":"airport-city-transfer-services","status":"publish","type":"page","link":"https:\/\/www.hotelistankoy.com.tr\/en\/airport-city-transfer-services\/","title":{"rendered":"Airport &#8211; City Transfer Services"},"content":{"rendered":"","protected":false},"excerpt":{"rendered":"","protected":false},"author":1,"featured_media":0,"parent":0,"menu_order":0,"comment_status":"closed","ping_status":"closed","template":"","meta":{"footnotes":""},"class_list":["post-8416","page","type-page","status-publish","hentry"],"yoast_head":"<!-- This site is optimized with the Yoast SEO plugin v27.5 - https:\/\/yoast.com\/product\/yoast-seo-wordpress\/ -->\n<title>Airport - City Transfer Services - \u0130stank&ouml;y Group Hotels - Bodrum | Ku\u015fadas\u0131 - Resmi Site<\/title>\n<meta name=\"robots\" content=\"index, follow, max-snippet:-1, max-image-preview:large, max-video-preview:-1\" \/>\n<link rel=\"canonical\" href=\"https:\/\/www.hotelistankoy.com.tr\/en\/airport-city-transfer-services\/\" \/>\n<meta property=\"og:locale\" content=\"en_US\" \/>\n<meta property=\"og:type\" content=\"article\" \/>\n<meta property=\"og:title\" content=\"Airport - City Transfer Services - \u0130stank&ouml;y Group Hotels - Bodrum | Ku\u015fadas\u0131 - Resmi Site\" \/>\n<meta property=\"og:url\" content=\"https:\/\/www.hotelistankoy.com.tr\/en\/airport-city-transfer-services\/\" \/>\n<meta property=\"og:site_name\" content=\"\u0130stank&ouml;y Group Hotels - Bodrum | Ku\u015fadas\u0131 - Resmi Site\" \/>\n<meta property=\"article:publisher\" content=\"https:\/\/www.facebook.com\/istankoyhotel\/\" \/>\n<meta property=\"article:modified_time\" content=\"2024-09-05T11:42:14+00:00\" \/>\n<meta name=\"twitter:card\" content=\"summary_large_image\" \/>\n<meta name=\"twitter:site\" content=\"@hotel_istankoy\" \/>\n<script type=\"application\/ld+json\" class=\"yoast-schema-graph\">{\"@context\":\"https:\\\/\\\/schema.org\",\"@graph\":[{\"@type\":\"WebPage\",\"@id\":\"https:\\\/\\\/www.hotelistankoy.com.tr\\\/en\\\/airport-city-transfer-services\\\/\",\"url\":\"https:\\\/\\\/www.hotelistankoy.com.tr\\\/en\\\/airport-city-transfer-services\\\/\",\"name\":\"Airport - City Transfer Services - \u0130stank&ouml;y Group Hotels - Bodrum | Ku\u015fadas\u0131 - Resmi Site\",\"isPartOf\":{\"@id\":\"https:\\\/\\\/www.hotelistankoy.com.tr\\\/#website\"},\"datePublished\":\"2017-12-05T15:15:42+00:00\",\"dateModified\":\"2024-09-05T11:42:14+00:00\",\"breadcrumb\":{\"@id\":\"https:\\\/\\\/www.hotelistankoy.com.tr\\\/en\\\/airport-city-transfer-services\\\/#breadcrumb\"},\"inLanguage\":\"en-US\",\"potentialAction\":[{\"@type\":\"ReadAction\",\"target\":[\"https:\\\/\\\/www.hotelistankoy.com.tr\\\/en\\\/airport-city-transfer-services\\\/\"]}]},{\"@type\":\"BreadcrumbList\",\"@id\":\"https:\\\/\\\/www.hotelistankoy.com.tr\\\/en\\\/airport-city-transfer-services\\\/#breadcrumb\",\"itemListElement\":[{\"@type\":\"ListItem\",\"position\":1,\"name\":\"Home\",\"item\":\"https:\\\/\\\/www.hotelistankoy.com.tr\\\/en\\\/\"},{\"@type\":\"ListItem\",\"position\":2,\"name\":\"Airport &#8211; City Transfer Services\"}]},{\"@type\":\"WebSite\",\"@id\":\"https:\\\/\\\/www.hotelistankoy.com.tr\\\/#website\",\"url\":\"https:\\\/\\\/www.hotelistankoy.com.tr\\\/\",\"name\":\"Istankoy Group Hotels - Bodrum | Kusadasi - Official Website\",\"description\":\"Herkes i&ccedil;in m&uuml;kemmel bir tatil deneyimi...\",\"publisher\":{\"@id\":\"https:\\\/\\\/www.hotelistankoy.com.tr\\\/#organization\"},\"potentialAction\":[{\"@type\":\"SearchAction\",\"target\":{\"@type\":\"EntryPoint\",\"urlTemplate\":\"https:\\\/\\\/www.hotelistankoy.com.tr\\\/?s={search_term_string}\"},\"query-input\":{\"@type\":\"PropertyValueSpecification\",\"valueRequired\":true,\"valueName\":\"search_term_string\"}}],\"inLanguage\":\"en-US\"},{\"@type\":\"Organization\",\"@id\":\"https:\\\/\\\/www.hotelistankoy.com.tr\\\/#organization\",\"name\":\"Hotel \u0130stank\u00f6y\",\"url\":\"https:\\\/\\\/www.hotelistankoy.com.tr\\\/\",\"logo\":{\"@type\":\"ImageObject\",\"inLanguage\":\"en-US\",\"@id\":\"https:\\\/\\\/www.hotelistankoy.com.tr\\\/#\\\/schema\\\/logo\\\/image\\\/\",\"url\":\"https:\\\/\\\/www.hotelistankoy.com.tr\\\/wp-content\\\/uploads\\\/2017\\\/11\\\/istankoy-bodrum-logo.png\",\"contentUrl\":\"https:\\\/\\\/www.hotelistankoy.com.tr\\\/wp-content\\\/uploads\\\/2017\\\/11\\\/istankoy-bodrum-logo.png\",\"width\":250,\"height\":48,\"caption\":\"Hotel \u0130stank\u00f6y\"},\"image\":{\"@id\":\"https:\\\/\\\/www.hotelistankoy.com.tr\\\/#\\\/schema\\\/logo\\\/image\\\/\"},\"sameAs\":[\"https:\\\/\\\/www.facebook.com\\\/istankoyhotel\\\/\",\"https:\\\/\\\/x.com\\\/hotel_istankoy\",\"https:\\\/\\\/www.instagram.com\\\/istankoyhotel\\\/\"]}]}<\/script>\n<!-- \/ Yoast SEO plugin. -->","yoast_head_json":{"title":"Airport - City Transfer Services - \u0130stank&ouml;y Group Hotels - Bodrum | Ku\u015fadas\u0131 - Resmi Site","robots":{"index":"index","follow":"follow","max-snippet":"max-snippet:-1","max-image-preview":"max-image-preview:large","max-video-preview":"max-video-preview:-1"},"canonical":"https:\/\/www.hotelistankoy.com.tr\/en\/airport-city-transfer-services\/","og_locale":"en_US","og_type":"article","og_title":"Airport - City Transfer Services - \u0130stank&ouml;y Group Hotels - Bodrum | Ku\u015fadas\u0131 - Resmi Site","og_url":"https:\/\/www.hotelistankoy.com.tr\/en\/airport-city-transfer-services\/","og_site_name":"\u0130stank&ouml;y Group Hotels - Bodrum | Ku\u015fadas\u0131 - Resmi Site","article_publisher":"https:\/\/www.facebook.com\/istankoyhotel\/","article_modified_time":"2024-09-05T11:42:14+00:00","twitter_card":"summary_large_image","twitter_site":"@hotel_istankoy","schema":{"@context":"https:\/\/schema.org","@graph":[{"@type":"WebPage","@id":"https:\/\/www.hotelistankoy.com.tr\/en\/airport-city-transfer-services\/","url":"https:\/\/www.hotelistankoy.com.tr\/en\/airport-city-transfer-services\/","name":"Airport - City Transfer Services - \u0130stank&ouml;y Group Hotels - Bodrum | Ku\u015fadas\u0131 - Resmi Site","isPartOf":{"@id":"https:\/\/www.hotelistankoy.com.tr\/#website"},"datePublished":"2017-12-05T15:15:42+00:00","dateModified":"2024-09-05T11:42:14+00:00","breadcrumb":{"@id":"https:\/\/www.hotelistankoy.com.tr\/en\/airport-city-transfer-services\/#breadcrumb"},"inLanguage":"en-US","potentialAction":[{"@type":"ReadAction","target":["https:\/\/www.hotelistankoy.com.tr\/en\/airport-city-transfer-services\/"]}]},{"@type":"BreadcrumbList","@id":"https:\/\/www.hotelistankoy.com.tr\/en\/airport-city-transfer-services\/#breadcrumb","itemListElement":[{"@type":"ListItem","position":1,"name":"Home","item":"https:\/\/www.hotelistankoy.com.tr\/en\/"},{"@type":"ListItem","position":2,"name":"Airport &#8211; City Transfer Services"}]},{"@type":"WebSite","@id":"https:\/\/www.hotelistankoy.com.tr\/#website","url":"https:\/\/www.hotelistankoy.com.tr\/","name":"Istankoy Group Hotels - Bodrum | Kusadasi - Official Website","description":"Herkes i&ccedil;in m&uuml;kemmel bir tatil deneyimi...","publisher":{"@id":"https:\/\/www.hotelistankoy.com.tr\/#organization"},"potentialAction":[{"@type":"SearchAction","target":{"@type":"EntryPoint","urlTemplate":"https:\/\/www.hotelistankoy.com.tr\/?s={search_term_string}"},"query-input":{"@type":"PropertyValueSpecification","valueRequired":true,"valueName":"search_term_string"}}],"inLanguage":"en-US"},{"@type":"Organization","@id":"https:\/\/www.hotelistankoy.com.tr\/#organization","name":"Hotel \u0130stank\u00f6y","url":"https:\/\/www.hotelistankoy.com.tr\/","logo":{"@type":"ImageObject","inLanguage":"en-US","@id":"https:\/\/www.hotelistankoy.com.tr\/#\/schema\/logo\/image\/","url":"https:\/\/www.hotelistankoy.com.tr\/wp-content\/uploads\/2017\/11\/istankoy-bodrum-logo.png","contentUrl":"https:\/\/www.hotelistankoy.com.tr\/wp-content\/uploads\/2017\/11\/istankoy-bodrum-logo.png","width":250,"height":48,"caption":"Hotel \u0130stank\u00f6y"},"image":{"@id":"https:\/\/www.hotelistankoy.com.tr\/#\/schema\/logo\/image\/"},"sameAs":["https:\/\/www.facebook.com\/istankoyhotel\/","https:\/\/x.com\/hotel_istankoy","https:\/\/www.instagram.com\/istankoyhotel\/"]}]}},"_links":{"self":[{"href":"https:\/\/www.hotelistankoy.com.tr\/en\/wp-json\/wp\/v2\/pages\/8416","targetHints":{"allow":["GET"]}}],"collection":[{"href":"https:\/\/www.hotelistankoy.com.tr\/en\/wp-json\/wp\/v2\/pages"}],"about":[{"href":"https:\/\/www.hotelistankoy.com.tr\/en\/wp-json\/wp\/v2\/types\/page"}],"author":[{"embeddable":true,"href":"https:\/\/www.hotelistankoy.com.tr\/en\/wp-json\/wp\/v2\/users\/1"}],"replies":[{"embeddable":true,"href":"https:\/\/www.hotelistankoy.com.tr\/en\/wp-json\/wp\/v2\/comments?post=8416"}],"version-history":[{"count":0,"href":"https:\/\/www.hotelistankoy.com.tr\/en\/wp-json\/wp\/v2\/pages\/8416\/revisions"}],"wp:attachment":[{"href":"https:\/\/www.hotelistankoy.com.tr\/en\/wp-json\/wp\/v2\/media?parent=8416"}],"curies":[{"name":"wp","href":"https:\/\/api.w.org\/{rel}","templated":true}]}}